{"id":64,"date":"2026-03-13T03:11:18","date_gmt":"2026-03-13T03:11:18","guid":{"rendered":"https:\/\/hemservicios.com.mx\/?page_id=64"},"modified":"2026-03-24T02:37:54","modified_gmt":"2026-03-24T02:37:54","slug":"nuestro-enfoque","status":"publish","type":"page","link":"https:\/\/hemservicios.com.mx\/index.php\/nuestro-enfoque\/","title":{"rendered":"Nuestro Enfoque"},"content":{"rendered":"\n<div class=\"wp-block-group alignfull has-global-padding is-layout-constrained wp-block-group-is-layout-constrained\" style=\"margin-top:0;margin-bottom:0\">\n<div class=\"wp-block-columns alignfull is-layout-flex wp-container-core-columns-is-layout-9c22b1e3 wp-block-columns-is-layout-flex\">\n<div class=\"wp-block-column is-vertically-aligned-center is-layout-flow wp-block-column-is-layout-flow\" style=\"padding-top:var(--wp--preset--spacing--60);padding-right:var(--wp--preset--spacing--60);padding-bottom:var(--wp--preset--spacing--60);padding-left:var(--wp--preset--spacing--60)\">\n<p class=\"has-text-align-center\">Antes de contratar un servicio de consultor\u00eda, es natural que las organizaciones o responsables de un proyecto busquen comprender con claridad c\u00f3mo funcionar\u00e1 la colaboraci\u00f3n, qu\u00e9 beneficios pueden obtener y qu\u00e9 tipo de acompa\u00f1amiento recibir\u00e1n durante el proceso. La consultor\u00eda no solo implica la contrataci\u00f3n de un servicio especializado, sino tambi\u00e9n la construcci\u00f3n de una relaci\u00f3n de confianza basada en conocimiento, experiencia y resultados.<\/p>\n<\/div>\n<\/div>\n<\/div>\n\n\n\n<div class=\"wp-block-cover\"><span aria-hidden=\"true\" class=\"wp-block-cover__background has-accent-4-background-color has-background-dim-100 has-background-dim\"><\/span><div class=\"wp-block-cover__inner-container has-global-padding is-layout-constrained wp-block-cover-is-layout-constrained\">\n<p class=\"has-text-align-center has-large-font-size\"><mark style=\"background-color:rgba(0, 0, 0, 0)\" class=\"has-inline-color has-base-color\"><strong>\u00bfC\u00f3mo saber si necesitamos consultor\u00eda?<\/strong><\/mark><\/p>\n\n\n\n<p class=\"has-text-align-center\">Si necesitas mejoras en la organizaci\u00f3n de procesos, mayor claridad en la toma de decisiones, optimizaci\u00f3n de recursos y fortalecimiento de la estructura operativa&#8230;<\/p>\n<\/div><\/div>\n\n\n\n<p class=\"has-text-align-center\">Cuando una organizaci\u00f3n busca mejorar sus procesos, optimizar recursos o tomar decisiones estrat\u00e9gicas con mayor claridad, <strong>la consultor\u00eda aporta una visi\u00f3n externa especializada<\/strong> que ayuda a identificar oportunidades de mejora.<\/p>\n\n\n\n<div style=\"height:20px\" aria-hidden=\"true\" class=\"wp-block-spacer\"><\/div>\n\n\n\n<div class=\"wp-block-cover alignfull has-custom-content-position is-position-bottom-center\" style=\"margin-top:0;margin-bottom:0;padding-top:var(--wp--preset--spacing--50);padding-right:var(--wp--preset--spacing--50);padding-bottom:var(--wp--preset--spacing--50);padding-left:var(--wp--preset--spacing--50);min-height:100vh;aspect-ratio:unset;\"><img loading=\"lazy\" decoding=\"async\" width=\"1920\" height=\"980\" class=\"wp-block-cover__image-background wp-image-73 size-full\" alt=\"\" src=\"https:\/\/hemservicios.com.mx\/wp-content\/uploads\/2026\/03\/hem_tecnologia05.jpg\" data-object-fit=\"cover\"\/><span aria-hidden=\"true\" class=\"wp-block-cover__background has-background-dim-10 has-background-dim\" style=\"background-color:#4e1d1a\"><\/span><div class=\"wp-block-cover__inner-container has-global-padding is-layout-constrained wp-container-core-cover-is-layout-d89aad35 wp-block-cover-is-layout-constrained\">\n<div class=\"wp-block-group alignwide has-global-padding is-content-justification-left is-layout-constrained wp-container-core-group-is-layout-12dd3699 wp-block-group-is-layout-constrained\">\n<h2 class=\"wp-block-heading has-text-align-left has-xx-large-font-size\">Hablemos de tu proyecto<\/h2>\n\n\n\n<p>Estrategia, an\u00e1lisis y soluciones dise\u00f1adas para fortalecer la gesti\u00f3n y el desarrollo organizacional.<\/p>\n\n\n\n<div class=\"wp-block-buttons is-layout-flex wp-block-buttons-is-layout-flex\">\n<div class=\"wp-block-button\"><a class=\"wp-block-button__link wp-element-button\">Saber m\u00e1s<\/a><\/div>\n<\/div>\n<\/div>\n<\/div><\/div>\n\n\n\n<div style=\"height:20px\" aria-hidden=\"true\" class=\"wp-block-spacer\"><\/div>\n\n\n\n<h2 data-wp-context---core-fit-text=\"core\/fit-text::{&quot;fontSize&quot;:&quot;&quot;}\" data-wp-init---core-fit-text=\"core\/fit-text::callbacks.init\" data-wp-interactive data-wp-style--font-size=\"core\/fit-text::context.fontSize\" class=\"wp-block-heading has-text-align-center has-fit-text\"><mark style=\"background-color:rgba(0, 0, 0, 0)\" class=\"has-inline-color has-accent-1-color\">Impulsamos el desarrollo econ\u00f3mico<\/mark><\/h2>\n\n\n\n<p class=\"has-text-align-center\">Hoy m\u00e1s que nunca, la econom\u00eda mexicana requiere organizaciones s\u00f3lidas, con estructuras bien definidas, procesos eficientes y una visi\u00f3n clara de desarrollo. La correcta planeaci\u00f3n fiscal, la gesti\u00f3n adecuada del comercio exterior y la implementaci\u00f3n de estrategias organizacionales bien estructuradas permiten a las empresas y proyectos aprovechar mejor las oportunidades del mercado, integrarse a nuevas cadenas de valor y operar con mayor seguridad.<\/p>\n\n\n\n<p class=\"has-text-align-center\">Fortalecer la organizaci\u00f3n interna, profesionalizar la toma de decisiones y adoptar una visi\u00f3n estrat\u00e9gica no solo beneficia a cada proyecto en lo individual, sino que tambi\u00e9n contribuye al fortalecimiento del entorno econ\u00f3mico en el que operan. Cuando las organizaciones trabajan con mayor orden, claridad y eficiencia, generan un impacto positivo en la productividad, la generaci\u00f3n de empleo y el desarrollo econ\u00f3mico.<\/p>\n","protected":false},"excerpt":{"rendered":"<p>Antes de contratar un servicio de consultor\u00eda, es natural que las organizaciones o responsables de un proyecto busquen comprender con claridad c\u00f3mo funcionar\u00e1 la colaboraci\u00f3n, qu\u00e9 beneficios pueden obtener y qu\u00e9 tipo de acompa\u00f1amiento recibir\u00e1n durante el proceso. La consultor\u00eda no solo implica la contrataci\u00f3n de un servicio especializado, sino tambi\u00e9n la construcci\u00f3n de una [&hellip;]<\/p>\n","protected":false},"author":1,"featured_media":0,"parent":0,"menu_order":0,"comment_status":"closed","ping_status":"closed","template":"","meta":{"footnotes":""},"class_list":["post-64","page","type-page","status-publish","hentry"],"_links":{"self":[{"href":"https:\/\/hemservicios.com.mx\/index.php\/wp-json\/wp\/v2\/pages\/64","targetHints":{"allow":["GET"]}}],"collection":[{"href":"https:\/\/hemservicios.com.mx\/index.php\/wp-json\/wp\/v2\/pages"}],"about":[{"href":"https:\/\/hemservicios.com.mx\/index.php\/wp-json\/wp\/v2\/types\/page"}],"author":[{"embeddable":true,"href":"https:\/\/hemservicios.com.mx\/index.php\/wp-json\/wp\/v2\/users\/1"}],"replies":[{"embeddable":true,"href":"https:\/\/hemservicios.com.mx\/index.php\/wp-json\/wp\/v2\/comments?post=64"}],"version-history":[{"count":8,"href":"https:\/\/hemservicios.com.mx\/index.php\/wp-json\/wp\/v2\/pages\/64\/revisions"}],"predecessor-version":[{"id":92,"href":"https:\/\/hemservicios.com.mx\/index.php\/wp-json\/wp\/v2\/pages\/64\/revisions\/92"}],"wp:attachment":[{"href":"https:\/\/hemservicios.com.mx\/index.php\/wp-json\/wp\/v2\/media?parent=64"}],"curies":[{"name":"wp","href":"https:\/\/api.w.org\/{rel}","templated":true}]}}