{"id":49,"date":"2026-03-13T02:33:02","date_gmt":"2026-03-13T02:33:02","guid":{"rendered":"https:\/\/hemservicios.com.mx\/?page_id=49"},"modified":"2026-03-24T02:47:41","modified_gmt":"2026-03-24T02:47:41","slug":"servicios","status":"publish","type":"page","link":"https:\/\/hemservicios.com.mx\/index.php\/servicios\/","title":{"rendered":"Servicios"},"content":{"rendered":"\n<div class=\"wp-block-group alignfull has-global-padding is-layout-constrained wp-block-group-is-layout-constrained\" style=\"margin-top:0;margin-bottom:0;padding-top:var(--wp--preset--spacing--50);padding-bottom:var(--wp--preset--spacing--50)\">\n<div class=\"wp-block-columns alignwide is-layout-flex wp-container-core-columns-is-layout-47c06fe3 wp-block-columns-is-layout-flex\">\n<div class=\"wp-block-column is-layout-flow wp-block-column-is-layout-flow\" style=\"flex-basis:56%\">\n<figure class=\"wp-block-image size-full\"><img loading=\"lazy\" decoding=\"async\" width=\"1520\" height=\"1448\" src=\"https:\/\/hemservicios.com.mx\/wp-content\/uploads\/2026\/03\/Hem_Servicios001.jpg\" alt=\"\" class=\"wp-image-51\" style=\"aspect-ratio:1;object-fit:cover\"\/><\/figure>\n<\/div>\n\n\n\n<div class=\"wp-block-column is-vertically-aligned-center is-layout-flow wp-container-core-column-is-layout-119bc444 wp-block-column-is-layout-flow\">\n<h2 class=\"wp-block-heading has-text-align-center\">Soluciones para tu empresa<\/h2>\n\n\n\n<p class=\"has-text-align-center\">Concentra tus esfuerzos en las actividades centrales que generan valor, d\u00e9janos el resto.<\/p>\n\n\n\n<p class=\"has-text-align-center\"><mark style=\"background-color:rgba(0, 0, 0, 0)\" class=\"has-inline-color has-accent-1-color\"><strong>\u00bfPor qu\u00e9 elegirnos como proveedor?<\/strong><\/mark> En HEM creemos que cada organizaci\u00f3n enfrenta retos distintos y requiere soluciones dise\u00f1adas a la medida.<\/p>\n<\/div>\n<\/div>\n<\/div>\n\n\n\n<div class=\"wp-block-cover alignfull is-light has-accent-1-color has-text-color has-link-color wp-elements-436d115b0e1b6892940b522404db32bf\" style=\"margin-top:0;margin-bottom:0;padding-top:200px;padding-right:var(--wp--preset--spacing--50);padding-bottom:200px;padding-left:var(--wp--preset--spacing--50);min-height:100vh;aspect-ratio:unset;\"><img loading=\"lazy\" decoding=\"async\" width=\"1920\" height=\"980\" class=\"wp-block-cover__image-background wp-image-58 size-full\" alt=\"\" src=\"https:\/\/hemservicios.com.mx\/wp-content\/uploads\/2026\/03\/hem_tecnologia02.jpg\" data-object-fit=\"cover\"\/><span aria-hidden=\"true\" class=\"wp-block-cover__background has-background-dim-10 has-background-dim\" style=\"background-color:#d7d7da\"><\/span><div class=\"wp-block-cover__inner-container has-global-padding is-layout-constrained wp-container-core-cover-is-layout-d47c59a2 wp-block-cover-is-layout-constrained\">\n<h3 class=\"wp-block-heading has-text-align-center has-xx-large-font-size\"><mark style=\"background-color:rgba(0, 0, 0, 0)\" class=\"has-inline-color has-contrast-color\">Enfoque integral<\/mark><\/h3>\n\n\n\n<p class=\"has-text-align-center\"><mark style=\"background-color:rgba(0, 0, 0, 0)\" class=\"has-inline-color has-contrast-color\">Combinamos experiencia t\u00e9cnica con conocimiento en \u00e1reas clave como administraci\u00f3n, recursos humanos, log\u00edstica, planeaci\u00f3n fiscal y gesti\u00f3n organizacional.<\/mark><\/p>\n<\/div><\/div>\n\n\n\n<div style=\"height:30px\" aria-hidden=\"true\" class=\"wp-block-spacer\"><\/div>\n\n\n\n<figure class=\"wp-block-pullquote\"><blockquote><p>Nuestro objetivo<\/p><cite>CALIDAD ANTE TODO<\/cite><\/blockquote><\/figure>\n\n\n\n<p class=\"has-text-align-center\">Acompa\u00f1ar a nuestros clientes en la optimizaci\u00f3n de sus procesos y en la toma de decisiones informadas que contribuyan a su desarrollo.<\/p>\n\n\n\n<div class=\"wp-block-group alignfull has-global-padding is-layout-constrained wp-container-core-group-is-layout-ebee8dc1 wp-block-group-is-layout-constrained\" style=\"margin-top:0;margin-bottom:0;padding-top:var(--wp--preset--spacing--50);padding-bottom:var(--wp--preset--spacing--50)\">\n<div class=\"wp-block-columns alignwide is-layout-flex wp-container-core-columns-is-layout-28f84493 wp-block-columns-is-layout-flex\">\n<div class=\"wp-block-column is-layout-flow wp-block-column-is-layout-flow\">\n<figure class=\"wp-block-image size-full\" style=\"margin-bottom:24px\"><img loading=\"lazy\" decoding=\"async\" width=\"1190\" height=\"790\" src=\"https:\/\/hemservicios.com.mx\/wp-content\/uploads\/2026\/03\/comercio_ext01.jpg\" alt=\"\" class=\"wp-image-31\" style=\"aspect-ratio:4\/3;object-fit:cover\"\/><\/figure>\n\n\n\n<h3 class=\"wp-block-heading has-text-align-center\">Comercio Exterior<\/h3>\n\n\n\n<p class=\"has-text-align-center has-medium-font-size\">El comercio exterior representa una oportunidad estrat\u00e9gica para las organizaciones que buscan ampliar sus mercados, diversificar sus operaciones y fortalecer su competitividad en un entorno cada vez m\u00e1s globalizado. A trav\u00e9s de la importaci\u00f3n y exportaci\u00f3n de bienes y servicios, las empresas pueden acceder a nuevos clientes, proveedores y oportunidades de desarrollo econ\u00f3mico.<\/p>\n\n\n\n<p class=\"has-text-align-center has-medium-font-size\">Sin embargo, las operaciones de comercio exterior implican una serie de <strong>procesos administrativos, regulatorios y log\u00edsticos<\/strong> que requieren conocimiento especializado. Desde la correcta clasificaci\u00f3n de mercanc\u00edas y el cumplimiento de regulaciones aduaneras, hasta la gesti\u00f3n documental y los permisos necesarios ante distintas autoridades, cada etapa debe realizarse con precisi\u00f3n para evitar retrasos, sanciones o costos innecesarios.<\/p>\n<\/div>\n\n\n\n<div class=\"wp-block-column is-layout-flow wp-block-column-is-layout-flow\">\n<figure class=\"wp-block-image size-full\" style=\"margin-bottom:24px\"><img loading=\"lazy\" decoding=\"async\" width=\"1190\" height=\"790\" src=\"https:\/\/hemservicios.com.mx\/wp-content\/uploads\/2026\/03\/plan_contable01.jpg\" alt=\"\" class=\"wp-image-34\" style=\"aspect-ratio:4\/3;object-fit:cover\"\/><\/figure>\n\n\n\n<h3 class=\"wp-block-heading has-text-align-center\">Planeaci\u00f3n Contable y Fiscal<\/h3>\n\n\n\n<p class=\"has-text-align-center has-medium-font-size\">La planeaci\u00f3n fiscal es una herramienta fundamental para cualquier organizaci\u00f3n o proyecto que busca operar con orden, cumplimiento y eficiencia en el manejo de sus obligaciones tributarias. M\u00e1s que limitarse al pago de impuestos, la planeaci\u00f3n fiscal consiste en analizar con anticipaci\u00f3n la situaci\u00f3n financiera y administrativa para tomar decisiones informadas que permitan cumplir con la normatividad vigente de manera estrat\u00e9gica.<\/p>\n\n\n\n<p class=\"has-text-align-center has-medium-font-size\">Una adecuada planeaci\u00f3n fiscal permite <strong>organizar correctamente las operaciones contables y financieras<\/strong>, identificar obligaciones tributarias y aprovechar de forma legal los beneficios, est\u00edmulos o deducciones que establece la legislaci\u00f3n. Esto ayuda a evitar errores, omisiones o contingencias que puedan derivar en sanciones, multas o complicaciones administrativas.<\/p>\n<\/div>\n\n\n\n<div class=\"wp-block-column is-layout-flow wp-block-column-is-layout-flow\">\n<figure class=\"wp-block-image size-full\" style=\"margin-bottom:24px\"><img loading=\"lazy\" decoding=\"async\" width=\"1190\" height=\"790\" src=\"https:\/\/hemservicios.com.mx\/wp-content\/uploads\/2026\/03\/consultoria_est01.jpg\" alt=\"\" class=\"wp-image-42\" style=\"aspect-ratio:4\/3;object-fit:cover\"\/><\/figure>\n\n\n\n<h3 class=\"wp-block-heading has-text-align-center\">Consultor\u00eda estrat\u00e9gica<\/h3>\n\n\n\n<p class=\"has-text-align-center has-medium-font-size\">En un entorno empresarial cada vez m\u00e1s din\u00e1mico y competitivo, la consultor\u00eda estrat\u00e9gica se ha convertido en una herramienta clave para las organizaciones que buscan mejorar su desempe\u00f1o, optimizar sus procesos y tomar decisiones con mayor claridad. Contar con una visi\u00f3n externa especializada permite analizar la estructura, los procesos y las oportunidades de crecimiento desde una perspectiva objetiva y profesional.<\/p>\n\n\n\n<p class=\"has-text-align-center has-medium-font-size\">La consultor\u00eda estrat\u00e9gica ayuda a identificar \u00e1reas de mejora dentro de una organizaci\u00f3n, evaluar riesgos y definir planes de acci\u00f3n que contribuyan a fortalecer la gesti\u00f3n y el desarrollo de los proyectos. A trav\u00e9s de un an\u00e1lisis integral, es posible detectar oportunidades para optimizar recursos, mejorar la eficiencia operativa y alinear las estrategias con los objetivos a corto, mediano y largo plazo.<\/p>\n<\/div>\n<\/div>\n\n\n\n<div style=\"height:30px\" aria-hidden=\"true\" class=\"wp-block-spacer\"><\/div>\n\n\n\n<figure class=\"wp-block-image size-large\"><img loading=\"lazy\" decoding=\"async\" width=\"1024\" height=\"252\" src=\"https:\/\/hemservicios.com.mx\/wp-content\/uploads\/2026\/03\/Logo_HEM_Servicios-1024x252.jpg\" alt=\"\" class=\"wp-image-83\" srcset=\"https:\/\/hemservicios.com.mx\/wp-content\/uploads\/2026\/03\/Logo_HEM_Servicios-1024x252.jpg 1024w, https:\/\/hemservicios.com.mx\/wp-content\/uploads\/2026\/03\/Logo_HEM_Servicios-300x74.jpg 300w, https:\/\/hemservicios.com.mx\/wp-content\/uploads\/2026\/03\/Logo_HEM_Servicios-768x189.jpg 768w, https:\/\/hemservicios.com.mx\/wp-content\/uploads\/2026\/03\/Logo_HEM_Servicios.jpg 1366w\" sizes=\"auto, (max-width: 1024px) 100vw, 1024px\" \/><\/figure>\n<\/div>\n\n\n\n<div class=\"wp-block-group alignfull has-global-padding is-layout-constrained wp-block-group-is-layout-constrained\" style=\"margin-top:0;margin-bottom:0\">\n<div class=\"wp-block-group alignwide is-layout-flow wp-container-core-group-is-layout-d58a0413 wp-block-group-is-layout-flow\" style=\"padding-top:var(--wp--preset--spacing--50);padding-bottom:var(--wp--preset--spacing--50)\">\n<h2 class=\"wp-block-heading has-text-align-center has-x-large-font-size\">Preguntas m\u00e1s frecuentes<\/h2>\n\n\n\n<div class=\"wp-block-columns is-layout-flex wp-container-core-columns-is-layout-cbe57604 wp-block-columns-is-layout-flex\">\n<div class=\"wp-block-column is-layout-flow wp-block-column-is-layout-flow\">\n<div class=\"wp-block-group is-layout-flow wp-block-group-is-layout-flow\" style=\"border-top-color:var(--wp--preset--color--accent-6);border-top-width:1px;padding-top:var(--wp--preset--spacing--30);padding-bottom:var(--wp--preset--spacing--30)\">\n<h3 class=\"wp-block-heading\">\u00bfQu\u00e9 tipo de servicios ofrecemos en HEM?<\/h3>\n\n\n\n<p>Ofrecemos servicios de consultor\u00eda, asesor\u00eda y capacitaci\u00f3n enfocados en fortalecer la gesti\u00f3n administrativa, operativa y estrat\u00e9gica de las organizaciones. Nuestro trabajo abarca \u00e1reas como planeaci\u00f3n organizacional, recursos humanos, log\u00edstica, asesor\u00eda fiscal y administrativa, as\u00ed como la optimizaci\u00f3n de procesos y desarrollo organizacional.<\/p>\n<\/div>\n<\/div>\n\n\n\n<div class=\"wp-block-column is-layout-flow wp-block-column-is-layout-flow\">\n<div class=\"wp-block-group is-layout-flow wp-block-group-is-layout-flow\" style=\"border-top-color:var(--wp--preset--color--accent-6);border-top-width:1px;padding-top:var(--wp--preset--spacing--30);padding-bottom:var(--wp--preset--spacing--30)\">\n<h3 class=\"wp-block-heading\">\u00bfA qui\u00e9n est\u00e1n dirigidos nuestros servicios?<\/h3>\n\n\n\n<p>Nuestros servicios est\u00e1n dirigidos a organizaciones, instituciones y proyectos que buscan mejorar su estructura operativa, fortalecer su gesti\u00f3n interna y desarrollar estrategias que impulsen su crecimiento y eficiencia.<\/p>\n<\/div>\n<\/div>\n<\/div>\n\n\n\n<div class=\"wp-block-columns is-layout-flex wp-container-core-columns-is-layout-cbe57604 wp-block-columns-is-layout-flex\">\n<div class=\"wp-block-column is-layout-flow wp-block-column-is-layout-flow\">\n<div class=\"wp-block-group is-layout-flow wp-block-group-is-layout-flow\" style=\"border-top-color:var(--wp--preset--color--accent-6);border-top-width:1px;padding-top:var(--wp--preset--spacing--30);padding-bottom:var(--wp--preset--spacing--30)\">\n<h3 class=\"wp-block-heading\">\u00bfC\u00f3mo trabajamos con nuestros clientes?<\/h3>\n\n\n\n<p>Trabajamos a trav\u00e9s de un an\u00e1lisis integral de cada caso, identificando necesidades espec\u00edficas y proponiendo soluciones dise\u00f1adas a la medida. Nuestro enfoque combina asesor\u00eda profesional, acompa\u00f1amiento estrat\u00e9gico y capacitaci\u00f3n para asegurar resultados sostenibles.<\/p>\n<\/div>\n<\/div>\n\n\n\n<div class=\"wp-block-column is-layout-flow wp-block-column-is-layout-flow\">\n<div class=\"wp-block-group is-layout-flow wp-block-group-is-layout-flow\" style=\"border-top-color:var(--wp--preset--color--accent-6);border-top-width:1px;padding-top:var(--wp--preset--spacing--30);padding-bottom:var(--wp--preset--spacing--30)\">\n<h3 class=\"wp-block-heading\">\u00bfQu\u00e9 nos distingue como proveedor de servicios?<\/h3>\n\n\n\n<p>Nos distingue nuestro enfoque integral, la experiencia multidisciplinaria de nuestro equipo y el compromiso con generar soluciones pr\u00e1cticas que aporten valor real. Buscamos establecer relaciones de colaboraci\u00f3n a largo plazo, actuando como un aliado estrat\u00e9gico en el desarrollo de cada organizaci\u00f3n.<\/p>\n<\/div>\n<\/div>\n<\/div>\n<\/div>\n<\/div>\n","protected":false},"excerpt":{"rendered":"<p>Soluciones para tu empresa Concentra tus esfuerzos en las actividades centrales que generan valor, d\u00e9janos el resto. \u00bfPor qu\u00e9 elegirnos como proveedor? En HEM creemos que cada organizaci\u00f3n enfrenta retos distintos y requiere soluciones dise\u00f1adas a la medida. Nuestro objetivo CALIDAD ANTE TODO Acompa\u00f1ar a nuestros clientes en la optimizaci\u00f3n de sus procesos y en [&hellip;]<\/p>\n","protected":false},"author":1,"featured_media":0,"parent":0,"menu_order":0,"comment_status":"closed","ping_status":"closed","template":"","meta":{"footnotes":""},"class_list":["post-49","page","type-page","status-publish","hentry"],"_links":{"self":[{"href":"https:\/\/hemservicios.com.mx\/index.php\/wp-json\/wp\/v2\/pages\/49","targetHints":{"allow":["GET"]}}],"collection":[{"href":"https:\/\/hemservicios.com.mx\/index.php\/wp-json\/wp\/v2\/pages"}],"about":[{"href":"https:\/\/hemservicios.com.mx\/index.php\/wp-json\/wp\/v2\/types\/page"}],"author":[{"embeddable":true,"href":"https:\/\/hemservicios.com.mx\/index.php\/wp-json\/wp\/v2\/users\/1"}],"replies":[{"embeddable":true,"href":"https:\/\/hemservicios.com.mx\/index.php\/wp-json\/wp\/v2\/comments?post=49"}],"version-history":[{"count":13,"href":"https:\/\/hemservicios.com.mx\/index.php\/wp-json\/wp\/v2\/pages\/49\/revisions"}],"predecessor-version":[{"id":95,"href":"https:\/\/hemservicios.com.mx\/index.php\/wp-json\/wp\/v2\/pages\/49\/revisions\/95"}],"wp:attachment":[{"href":"https:\/\/hemservicios.com.mx\/index.php\/wp-json\/wp\/v2\/media?parent=49"}],"curies":[{"name":"wp","href":"https:\/\/api.w.org\/{rel}","templated":true}]}}